{"id":20390,"date":"2025-12-31T13:54:11","date_gmt":"2025-12-31T17:54:11","guid":{"rendered":"https:\/\/www.mindef.gob.bo\/?page_id=20390"},"modified":"2026-01-08T13:20:26","modified_gmt":"2026-01-08T17:20:26","slug":"poa","status":"publish","type":"page","link":"http:\/\/www.mindef.gob.bo\/index.php\/poa\/","title":{"rendered":"Programaci\u00f3n Operativa Anual (POA)"},"content":{"rendered":"\n<p><\/p>\n\n\n\n<p><strong>Presentaci\u00f3n del POA<\/strong><br>El Plan Operativo Anual (POA) del Ministerio de Defensa del Estado Plurinacional de Bolivia constituye la gu\u00eda de planificaci\u00f3n para la gesti\u00f3n institucional durante el per\u00edodo 2026. Este plan tiene como finalidad asegurar la ejecuci\u00f3n efectiva de las pol\u00edticas, programas y proyectos estrat\u00e9gicos definidos en el Plan Estrat\u00e9gico Institucional (PEI), garantizando eficiencia, transparencia y servicio a la ciudadan\u00eda.<\/p>\n\n\n\n<p>El POA refleja nuestro compromiso con la optimizaci\u00f3n de los recursos, la mejora continua de procesos y la consolidaci\u00f3n de capacidades operativas que fortalezcan la defensa y seguridad nacional, as\u00ed como la gesti\u00f3n responsable y estrat\u00e9gica de nuestras funciones.<\/p>\n\n\n<div class=\"widget widget_documentos_widget\">        <section\n            id=\"documentos\"><div class=\"container p-4\">\n    <div class=\"row\">\n        <div class=\"col-12 col-md-12\">\n            <article id=\"post-20390\" class=\"post-20390 page type-page status-publish hentry\">\n                <h4>\n                    Documentos                <\/h4>\n\n\n\n                <form id=\"form-buscar_documentos\" role=\"search\" method=\"get\" class=\"form-inline border border-0\" action=\"http:\/\/www.mindef.gob.bo\/index.php\/poa\/\">\n                    <div class=\"row align-items-end gy-3 pb-3\">\n\n                        <!-- Filtro A\u00f1o -->\n                        <div class=\"col-12 col-md-auto\">\n                            <label for=\"filtroAnioId\" class=\"icono-color form-label fw-semibold\">A\u00f1o<\/label>\n                            <select id=\"filtroAnioId\" name=\"anio\" class=\"form-select fondo-default texto-default\">\n                                <option value=\"\" selected>Seleccionar a\u00f1o<\/option>\n                                \n\n                                    <option value=\"2026\" >\n                                        2026                                    <\/option>\n                                \n\n                                    <option value=\"2025\" >\n                                        2025                                    <\/option>\n                                                            <\/select>\n                        <\/div>\n\n                        <!-- Filtro Titulo -->\n\n                        <div class=\"col-12 col-md-auto\">\n                            <label for=\"filtroTituloId\" class=\"icono-color form-label fw-semibold\">Descripci\u00f3n<\/label>\n\n                            <div class=\"input-group texto-default\" style=\"display: flex !important; \">\n\n                                <input type=\"text\" id=\"filtroTituloId\" placeholder=\"Buscar por descripci\u00f3n\" name=\"titulo\" class=\"form-control fondo-default texto-default\" value=\"\">\n                                <button style=\"cursor: pointer;\" onclick=\"resetarFormulario('filtroTituloId', 'form-buscar_documentos' )\" class=\"input-group-text fondo-default\" id=\"clearInputdocumentos\"><i class=\"bi bi-x-circle-fill texto-default\"><\/i><\/button>\n                            <\/div>\n                        <\/div>\n\n                        <!-- Bot\u00f3n de B\u00fasqueda -->\n                        <div class=\"col-12 col-md-auto\">\n                            <button class=\"btn boton text-white\">Buscar en esta categoria <i class=\"bi bi-search\"><\/i><\/button>\n                        <\/div>\n                    <\/div>\n                <\/form>\n\n\n                <div class=\"table-responsive\">\n                    <table class=\"table\">\n                        <thead>\n                            <tr>\n                                <th class=\"titulo-columna\" scope=\"col\">A\u00f1o<\/th>\n                                <th class=\"titulo-columna\">Descripci\u00f3n<\/th>\n                                <th class=\"titulo-columna\" scope=\"col\">Documento<\/th>\n                            <\/tr>\n                        <\/thead>\n                        <tbody>\n                                                                <tr>\n                                        <td>2025<\/td>\n                                        <td>Plan Operativo Anual<\/td>\n                                        <td>\n                                            <ul class=\"list-unstyled\">\n                                                <li><a href=\"http:\/\/www.mindef.gob.bo\/wp-content\/uploads\/2026\/01\/DESPACHO-TAREAS-POA-2025.pdf\" target=\"_blank\"><i class=\"bi bi-file-earmark-pdf icono-pdf\"><\/i> Descargar archivo<\/a><\/li>\n                                            <\/ul>\n                                        <\/td>\n                                    <\/tr>\n                                                        <\/tbody>\n                    <\/table>\n                <\/div>\n\n\n                <nav aria-label=\"...\">\n                    <ul class=\"custom-pagination pagination justify-content-center\">\n                                            <\/ul>\n                <\/nav>\n            <\/article>\n        <\/div>\n    <\/div>\n<\/div>        <\/section>\n        <\/div>\n\n\n<p><\/p>\n","protected":false},"excerpt":{"rendered":"<p>Presentaci\u00f3n del POAEl Plan Operativo Anual (POA) del Ministerio de Defensa del Estado Plurinacional de Bolivia constituye la gu\u00eda de planificaci\u00f3n para la gesti\u00f3n institucional durante el per\u00edodo 2026. Este plan tiene como finalidad asegurar la ejecuci\u00f3n efectiva de las pol\u00edticas, programas y proyectos estrat\u00e9gicos definidos en el Plan Estrat\u00e9gico Institucional (PEI), garantizando eficiencia, transparencia [&hellip;]<\/p>\n","protected":false},"author":1,"featured_media":0,"parent":0,"menu_order":0,"comment_status":"closed","ping_status":"closed","template":"","meta":{"_acf_changed":false,"_editorskit_title_hidden":false,"_editorskit_reading_time":0,"_editorskit_is_block_options_detached":false,"_editorskit_block_options_position":"{}","footnotes":""},"class_list":["post-20390","page","type-page","status-publish","hentry"],"acf":[],"_links":{"self":[{"href":"http:\/\/www.mindef.gob.bo\/index.php\/wp-json\/wp\/v2\/pages\/20390","targetHints":{"allow":["GET"]}}],"collection":[{"href":"http:\/\/www.mindef.gob.bo\/index.php\/wp-json\/wp\/v2\/pages"}],"about":[{"href":"http:\/\/www.mindef.gob.bo\/index.php\/wp-json\/wp\/v2\/types\/page"}],"author":[{"embeddable":true,"href":"http:\/\/www.mindef.gob.bo\/index.php\/wp-json\/wp\/v2\/users\/1"}],"replies":[{"embeddable":true,"href":"http:\/\/www.mindef.gob.bo\/index.php\/wp-json\/wp\/v2\/comments?post=20390"}],"version-history":[{"count":3,"href":"http:\/\/www.mindef.gob.bo\/index.php\/wp-json\/wp\/v2\/pages\/20390\/revisions"}],"predecessor-version":[{"id":22085,"href":"http:\/\/www.mindef.gob.bo\/index.php\/wp-json\/wp\/v2\/pages\/20390\/revisions\/22085"}],"wp:attachment":[{"href":"http:\/\/www.mindef.gob.bo\/index.php\/wp-json\/wp\/v2\/media?parent=20390"}],"curies":[{"name":"wp","href":"https:\/\/api.w.org\/{rel}","templated":true}]}}