{"id":309,"date":"2024-04-05T21:30:25","date_gmt":"2024-04-05T19:30:25","guid":{"rendered":"http:\/\/www.mindef.gob.bo\/?page_id=309"},"modified":"2026-03-27T16:05:36","modified_gmt":"2026-03-27T20:05:36","slug":"declaracion-de-la-mision-vision-valores-y-principios-de-la-entidad","status":"publish","type":"page","link":"http:\/\/www.mindef.gob.bo\/index.php\/declaracion-de-la-mision-vision-valores-y-principios-de-la-entidad\/","title":{"rendered":"Misi\u00f3n, Visi\u00f3n, Valores y Principios de la Entidad"},"content":{"rendered":"\n<p><\/p>\n\n\n\n<p><strong>Visi\u00f3n<\/strong><\/p>\n\n\n\n<p><p style=\"text-align: justify;\">Consolidarse como una instituci\u00f3n pilar del Estado boliviano que garantice de manera inalienable la soberan\u00eda territorial y la seguridad integral nacional, fundamentando su accionar en un enfoque t\u00e9cnico, profesional y de excelencia.<\/p><\/p>\n\n\n\n<p><p style=\"text-align: justify;\">El Ministerio se proyecta como una entidad moderna, transparente y despolitizada, con la capacidad operativa y estrat\u00e9gica para proteger los recursos naturales del pa\u00eds, as\u00ed como para responder con m\u00e1xima eficiencia ante crisis clim\u00e1ticas y las amenazas emergentes del crimen organizado transnacional.<\/p><\/p>\n\n\n\n<p><p style=\"text-align: justify;\">Bajo esta mirada, la Unidad Militar de Emergencias del Ej\u00e9rcito (UMEE) se transformar\u00e1 en un centro de operaciones y entrenamiento (Hub) de alcance regional, dotado de aeronaves y equipamiento de \u00faltima generaci\u00f3n para la asistencia humanitaria y el desarrollo tecnol\u00f3gico especializado.<\/p><\/p>\n\n\n\n<p><strong>Misi\u00f3n<\/strong><\/p>\n\n\n\n<p><p style=\"text-align: justify;\">Ejercer la direcci\u00f3n pol\u00edtica y estrat\u00e9gica de las Fuerzas Armadas, asegurando en todo momento su subordinaci\u00f3n al poder civil leg\u00edtimamente constituido y un apego estricto a los preceptos de la Constituci\u00f3n Pol\u00edtica del Estado Plurinacional de Bolivia.<\/p><\/p>\n\n\n\n<p><p style=\"text-align: justify;\">Nuestra labor se centra en la defensa de la integridad del territorio, el control efectivo de las fronteras y el espacio a\u00e9reo, ejerciendo adem\u00e1s un liderazgo proactivo, articulador y rector en la gesti\u00f3n de riesgos y atenci\u00f3n de desastres naturales para salvaguardar la vida de los ciudadanos y el patrimonio de todos los bolivianos.<\/p><\/p>\n\n\n\n<p><p style=\"text-align: justify;\">Esta misi\u00f3n integra a todos los actores del Estado, la empresa privada y organismos internacionales bajo un sistema \u00fanico de prevenci\u00f3n coordinado por el Ministerio de Defensa.<\/p><\/p>\n\n\n\n<p><\/p>\n","protected":false},"excerpt":{"rendered":"<p>Visi\u00f3n Consolidarse como una instituci\u00f3n pilar del Estado boliviano que garantice de manera inalienable la soberan\u00eda territorial y la seguridad integral nacional, fundamentando su accionar en un enfoque t\u00e9cnico, profesional y de excelencia. El Ministerio se proyecta como una entidad moderna, transparente y despolitizada, con la capacidad operativa y estrat\u00e9gica para proteger los recursos naturales [&hellip;]<\/p>\n","protected":false},"author":1,"featured_media":0,"parent":0,"menu_order":0,"comment_status":"closed","ping_status":"closed","template":"","meta":{"_acf_changed":false,"_editorskit_title_hidden":false,"_editorskit_reading_time":0,"_editorskit_is_block_options_detached":false,"_editorskit_block_options_position":"{}","footnotes":""},"class_list":["post-309","page","type-page","status-publish","hentry"],"acf":[],"_links":{"self":[{"href":"http:\/\/www.mindef.gob.bo\/index.php\/wp-json\/wp\/v2\/pages\/309","targetHints":{"allow":["GET"]}}],"collection":[{"href":"http:\/\/www.mindef.gob.bo\/index.php\/wp-json\/wp\/v2\/pages"}],"about":[{"href":"http:\/\/www.mindef.gob.bo\/index.php\/wp-json\/wp\/v2\/types\/page"}],"author":[{"embeddable":true,"href":"http:\/\/www.mindef.gob.bo\/index.php\/wp-json\/wp\/v2\/users\/1"}],"replies":[{"embeddable":true,"href":"http:\/\/www.mindef.gob.bo\/index.php\/wp-json\/wp\/v2\/comments?post=309"}],"version-history":[{"count":19,"href":"http:\/\/www.mindef.gob.bo\/index.php\/wp-json\/wp\/v2\/pages\/309\/revisions"}],"predecessor-version":[{"id":35639,"href":"http:\/\/www.mindef.gob.bo\/index.php\/wp-json\/wp\/v2\/pages\/309\/revisions\/35639"}],"wp:attachment":[{"href":"http:\/\/www.mindef.gob.bo\/index.php\/wp-json\/wp\/v2\/media?parent=309"}],"curies":[{"name":"wp","href":"https:\/\/api.w.org\/{rel}","templated":true}]}}