{"id":321,"date":"2024-04-05T21:30:47","date_gmt":"2024-04-05T19:30:47","guid":{"rendered":"http:\/\/www.mindef.gob.bo\/?page_id=321"},"modified":"2026-03-27T15:18:32","modified_gmt":"2026-03-27T19:18:32","slug":"breve-historia-o-resena-sobre-la-creacion-y-evolucion-de-la-entidad","status":"publish","type":"page","link":"http:\/\/www.mindef.gob.bo\/index.php\/breve-historia-o-resena-sobre-la-creacion-y-evolucion-de-la-entidad\/","title":{"rendered":"BREVE HISTORIA DEL MINISTERIO DE DEFENSA"},"content":{"rendered":"\n<p><strong>DEL MINISTERIO DE GUERRA AL MINISTERIO DE DEFENSA<\/strong><\/p>\n\n\n\n<p class=\"has-medium-font-size\"><\/p>\n\n\n\n<p>\u00a1Hola!&nbsp;bienvenidos a la breve historia&nbsp;del Ministerio de Defensa de Bolivia, les cuento c\u00f3mo inici\u00f3 todo.<\/p>\n\n\n\n<p>Pues, as\u00ed comenz\u00f3, en 1825, tras a\u00f1os de lucha contra el dominio espa\u00f1ol, se cre\u00f3 la Rep\u00fablica de Bolivia y Sim\u00f3n Bol\u00edvar, s\u00ed, Libertador Bol\u00edvar, l\u00edder indiscutible de la Guerra de la Independencia,&nbsp;encabez\u00f3 la lucha para convertir a Bolivia en un pa\u00eds soberano. Desde luego, hombres y mujeres, l\u00edderes y caudillos lucharon y allanaron el camino mucho antes, por la misma causa.&nbsp;<\/p>\n\n\n\n<p>As\u00ed,&nbsp;Bolivia proclam\u00f3 su independencia, marcando el nacimiento de la Rep\u00fablica de Bolivia.&nbsp;<\/p>\n\n\n\n<p>Una vez instituida la Rep\u00fablica,&nbsp;el siguiente a\u00f1o \u2500en 1826\u2500&nbsp; y con la redacci\u00f3n de la primera Constituci\u00f3n pol\u00edtica de Bolivia, conocida como la Constituci\u00f3n Bolivariana,&nbsp;se crearon tres Ministerios:<\/p>\n\n\n\n<ol class=\"wp-block-list\">\n<li>Ministerio del Interior y Relaciones Exteriores<\/li>\n\n\n\n<li>Ministerio de Hacienda<\/li>\n\n\n\n<li>Ministerio de Marina y Guerra&nbsp;<\/li>\n<\/ol>\n\n\n\n<p>El primer Ministro del Ministerio de Marina y Guerra fue el Coronel Agust\u00edn Geraldino, Secretario y Ayudante de Campo del Mariscal Antonio Jos\u00e9 de Sucre,&nbsp;quien atendi\u00f3 tareas administrativas en este per\u00edodo de organizaci\u00f3n de la Rep\u00fablica.&nbsp;<\/p>\n\n\n\n<p>En&nbsp; este momento hist\u00f3rico tambi\u00e9n fue creado el Ej\u00e9rcito y se orden\u00f3 la elaboraci\u00f3n&nbsp;de un primer Estatuto Org\u00e1nico, las primeras leyes y reglamentos sobre su organizaci\u00f3n, instrucci\u00f3n, uniformes y la elaboraci\u00f3n del primer presupuesto de guerra, entonces, se cre\u00f3 tambi\u00e9n el primer Colegio Militar. Despu\u00e9s de esto, el reci\u00e9n bautizado Ministerio de Guerra, repartici\u00f3n pol\u00edtico-militar, desempe\u00f1\u00f3 las funciones administrativas y t\u00e9cnicas del Ej\u00e9rcito Nacional.<\/p>\n\n\n\n<p>Tras un breve per\u00edodo de convulsi\u00f3n e incertidumbre, el&nbsp;Mcal. Andr\u00e9s de Santa Cruz asumi\u00f3 la presidencia, entonces surgi\u00f3 otra figura importante, el Gral. Jos\u00e9 Miguel de Velasco, pues bajo su administraci\u00f3n&nbsp;moderniz\u00f3 la milicia, creando&nbsp;el tribunal militar e instalando, por segunda vez, un Colegio Militar.<\/p>\n\n\n\n<p>Hasta la d\u00e9cada de 1880, la sede de sus funciones fue itinerante; terminada la Guerra Federal, el Ministerio de Guerra (Ministerio de Defensa), junto al Gobierno Central se traslad\u00f3 a la ciudad de La Paz como sede de sus funciones. Primero, como parte de las oficinas del Palacio de Gobierno, en la hist\u00f3rica Plaza Murillo. Despu\u00e9s, parte de sus dependencias se trasladaron al Palacio Legislativo, al Gran Cuartel de Miraflores y a la Intendencia, instalaciones que se encontraba en El Prado de ciudad de La Paz.<\/p>\n\n\n\n<p>Durante la Guerra del Chaco, sus oficinas se centralizaron&nbsp;en el Gran Cuartel General de Miraflores. Otro dato importante surgi\u00f3 durante la Presidencia del Gral. Enrique Pe\u00f1aranda, ya que surgi\u00f3 la necesidad de mejorar el rendimiento y mayor eficiencia en la administraci\u00f3n de las Fuerzas Armadas, entonces, se dispuso en 1942, la construcci\u00f3n del edificio situado en la esquina de las calles 20 de Octubre y Pedro Salazar, donde actualmente se yergue la sede del Ministerio de Defensa.<\/p>\n\n\n\n<p>Si quieres saber m\u00e1s sobre la Guerra de la Independencia de Bolivia, la Guerra del Chaco,&nbsp;sus caudillos, h\u00e9roes y otros l\u00edderes. consulta:<\/p>\n\n\n\n<p class=\"has-medium-font-size\"><a href=\"https:\/\/bibliotecas.umsa.bo\/\">https:\/\/bibliotecas.umsa.bo\/<\/a><\/p>\n\n\n\n<p><\/p>\n","protected":false},"excerpt":{"rendered":"<p>DEL MINISTERIO DE GUERRA AL MINISTERIO DE DEFENSA \u00a1Hola!&nbsp;bienvenidos a la breve historia&nbsp;del Ministerio de Defensa de Bolivia, les cuento c\u00f3mo inici\u00f3 todo. Pues, as\u00ed comenz\u00f3, en 1825, tras a\u00f1os de lucha contra el dominio espa\u00f1ol, se cre\u00f3 la Rep\u00fablica de Bolivia y Sim\u00f3n Bol\u00edvar, s\u00ed, Libertador Bol\u00edvar, l\u00edder indiscutible de la Guerra de la [&hellip;]<\/p>\n","protected":false},"author":1,"featured_media":16967,"parent":0,"menu_order":0,"comment_status":"closed","ping_status":"closed","template":"","meta":{"_acf_changed":false,"_editorskit_title_hidden":false,"_editorskit_reading_time":0,"_editorskit_is_block_options_detached":false,"_editorskit_block_options_position":"{}","footnotes":""},"class_list":["post-321","page","type-page","status-publish","has-post-thumbnail","hentry"],"acf":[],"_links":{"self":[{"href":"http:\/\/www.mindef.gob.bo\/index.php\/wp-json\/wp\/v2\/pages\/321","targetHints":{"allow":["GET"]}}],"collection":[{"href":"http:\/\/www.mindef.gob.bo\/index.php\/wp-json\/wp\/v2\/pages"}],"about":[{"href":"http:\/\/www.mindef.gob.bo\/index.php\/wp-json\/wp\/v2\/types\/page"}],"author":[{"embeddable":true,"href":"http:\/\/www.mindef.gob.bo\/index.php\/wp-json\/wp\/v2\/users\/1"}],"replies":[{"embeddable":true,"href":"http:\/\/www.mindef.gob.bo\/index.php\/wp-json\/wp\/v2\/comments?post=321"}],"version-history":[{"count":21,"href":"http:\/\/www.mindef.gob.bo\/index.php\/wp-json\/wp\/v2\/pages\/321\/revisions"}],"predecessor-version":[{"id":35625,"href":"http:\/\/www.mindef.gob.bo\/index.php\/wp-json\/wp\/v2\/pages\/321\/revisions\/35625"}],"wp:featuredmedia":[{"embeddable":true,"href":"http:\/\/www.mindef.gob.bo\/index.php\/wp-json\/wp\/v2\/media\/16967"}],"wp:attachment":[{"href":"http:\/\/www.mindef.gob.bo\/index.php\/wp-json\/wp\/v2\/media?parent=321"}],"curies":[{"name":"wp","href":"https:\/\/api.w.org\/{rel}","templated":true}]}}