{"id":401,"date":"2024-04-05T21:34:07","date_gmt":"2024-04-05T19:34:07","guid":{"rendered":"http:\/\/www.mindef.gob.bo\/?page_id=401"},"modified":"2026-01-08T13:11:09","modified_gmt":"2026-01-08T17:11:09","slug":"pei-descargable","status":"publish","type":"page","link":"http:\/\/www.mindef.gob.bo\/index.php\/pei-descargable\/","title":{"rendered":"Plan Estrat\u00e9gico Institucional (PEI)"},"content":{"rendered":"\n<p>El Plan Estrat\u00e9gico Institucional (PEI) de nuestra organizaci\u00f3n constituye la hoja de ruta que orienta la gesti\u00f3n y el desarrollo de nuestras acciones en el mediano y largo plazo. Este plan busca consolidar una instituci\u00f3n eficiente, transparente y orientada al servicio de la ciudadan\u00eda, alineando sus objetivos con las pol\u00edticas nacionales y regionales, as\u00ed como con los est\u00e1ndares de calidad y desempe\u00f1o institucional.<\/p>\n\n\n\n<p>El presente PEI refleja nuestro compromiso con la mejora continua, la innovaci\u00f3n institucional y la generaci\u00f3n de valor p\u00fablico, promoviendo la eficiencia en la gesti\u00f3n y el fortalecimiento de nuestras capacidades internas.<\/p>\n\n\n\n<p><\/p>\n\n\n\n<h4 class=\"wp-block-heading\">Diagn\u00f3stico<\/h4>\n\n\n\n<p><\/p>\n\n\n\n<ul class=\"wp-block-list\"><\/ul>\n\n\n\n<p><strong><strong>An\u00e1lisis interno:<\/strong><\/strong> Nuestra instituci\u00f3n cuenta con recursos humanos capacitados y comprometidos, infraestructura adecuada y procesos administrativos establecidos. Sin embargo, se han identificado \u00e1reas de mejora en la coordinaci\u00f3n interdepartamental, la digitalizaci\u00f3n de procesos y la sistematizaci\u00f3n de la informaci\u00f3n, que limitan la eficiencia operativa y la toma de decisiones basada en datos.<\/p>\n\n\n\n<p><strong><strong><strong>An\u00e1lisis externo:<\/strong><\/strong><\/strong> El entorno externo presenta desaf\u00edos relacionados con la evoluci\u00f3n tecnol\u00f3gica, la demanda creciente de servicios eficientes por parte de la ciudadan\u00eda y la necesidad de cumplir con marcos regulatorios nacionales e internacionales. Asimismo, existen oportunidades para fortalecer alianzas estrat\u00e9gicas, mejorar la cooperaci\u00f3n interinstitucional y aumentar la visibilidad de nuestra labor institucional.<\/p>\n\n\n\n<p>El diagn\u00f3stico general evidencia la necesidad de implementar estrategias que potencien nuestras fortalezas, mitiguen debilidades, aprovechen oportunidades y reduzcan los riesgos asociados a factores externos.<\/p>\n\n\n<div class=\"widget widget_documentos_widget\">        <section\n            id=\"documentos\"><div class=\"container p-4\">\n    <div class=\"row\">\n        <div class=\"col-12 col-md-12\">\n            <article id=\"post-401\" class=\"post-401 page type-page status-publish hentry\">\n                <h4>\n                    Documentos                <\/h4>\n\n\n\n                <form id=\"form-buscar_documentos\" role=\"search\" method=\"get\" class=\"form-inline border border-0\" action=\"http:\/\/www.mindef.gob.bo\/index.php\/pei-descargable\/\">\n                    <div class=\"row align-items-end gy-3 pb-3\">\n\n                        <!-- Filtro A\u00f1o -->\n                        <div class=\"col-12 col-md-auto\">\n                            <label for=\"filtroAnioId\" class=\"icono-color form-label fw-semibold\">A\u00f1o<\/label>\n                            <select id=\"filtroAnioId\" name=\"anio\" class=\"form-select fondo-default texto-default\">\n                                <option value=\"\" selected>Seleccionar a\u00f1o<\/option>\n                                \n\n                                    <option value=\"2026\" >\n                                        2026                                    <\/option>\n                                \n\n                                    <option value=\"2025\" >\n                                        2025                                    <\/option>\n                                                            <\/select>\n                        <\/div>\n\n                        <!-- Filtro Titulo -->\n\n                        <div class=\"col-12 col-md-auto\">\n                            <label for=\"filtroTituloId\" class=\"icono-color form-label fw-semibold\">Descripci\u00f3n<\/label>\n\n                            <div class=\"input-group texto-default\" style=\"display: flex !important; \">\n\n                                <input type=\"text\" id=\"filtroTituloId\" placeholder=\"Buscar por descripci\u00f3n\" name=\"titulo\" class=\"form-control fondo-default texto-default\" value=\"\">\n                                <button style=\"cursor: pointer;\" onclick=\"resetarFormulario('filtroTituloId', 'form-buscar_documentos' )\" class=\"input-group-text fondo-default\" id=\"clearInputdocumentos\"><i class=\"bi bi-x-circle-fill texto-default\"><\/i><\/button>\n                            <\/div>\n                        <\/div>\n\n                        <!-- Bot\u00f3n de B\u00fasqueda -->\n                        <div class=\"col-12 col-md-auto\">\n                            <button class=\"btn boton text-white\">Buscar en esta categoria <i class=\"bi bi-search\"><\/i><\/button>\n                        <\/div>\n                    <\/div>\n                <\/form>\n\n\n                <div class=\"table-responsive\">\n                    <table class=\"table\">\n                        <thead>\n                            <tr>\n                                <th class=\"titulo-columna\" scope=\"col\">A\u00f1o<\/th>\n                                <th class=\"titulo-columna\">Descripci\u00f3n<\/th>\n                                <th class=\"titulo-columna\" scope=\"col\">Documento<\/th>\n                            <\/tr>\n                        <\/thead>\n                        <tbody>\n                                                                <tr>\n                                        <td>2025<\/td>\n                                        <td>Plan Estrat\u00e9gico Institucional<\/td>\n                                        <td>\n                                            <ul class=\"list-unstyled\">\n                                                <li><a href=\"http:\/\/www.mindef.gob.bo\/wp-content\/uploads\/2026\/01\/PEI_MINDEF.pdf\" target=\"_blank\"><i class=\"bi bi-file-earmark-pdf icono-pdf\"><\/i> Descargar archivo<\/a><\/li>\n                                            <\/ul>\n                                        <\/td>\n                                    <\/tr>\n                                                        <\/tbody>\n                    <\/table>\n                <\/div>\n\n\n                <nav aria-label=\"...\">\n                    <ul class=\"custom-pagination pagination justify-content-center\">\n                                            <\/ul>\n                <\/nav>\n            <\/article>\n        <\/div>\n    <\/div>\n<\/div>        <\/section>\n        <\/div>","protected":false},"excerpt":{"rendered":"<p>El Plan Estrat\u00e9gico Institucional (PEI) de nuestra organizaci\u00f3n constituye la hoja de ruta que orienta la gesti\u00f3n y el desarrollo de nuestras acciones en el mediano y largo plazo. Este plan busca consolidar una instituci\u00f3n eficiente, transparente y orientada al servicio de la ciudadan\u00eda, alineando sus objetivos con las pol\u00edticas nacionales y regionales, as\u00ed como [&hellip;]<\/p>\n","protected":false},"author":1,"featured_media":0,"parent":0,"menu_order":0,"comment_status":"closed","ping_status":"closed","template":"","meta":{"_acf_changed":false,"_editorskit_title_hidden":false,"_editorskit_reading_time":0,"_editorskit_is_block_options_detached":false,"_editorskit_block_options_position":"{}","footnotes":"[]"},"class_list":["post-401","page","type-page","status-publish","hentry"],"acf":[],"_links":{"self":[{"href":"http:\/\/www.mindef.gob.bo\/index.php\/wp-json\/wp\/v2\/pages\/401","targetHints":{"allow":["GET"]}}],"collection":[{"href":"http:\/\/www.mindef.gob.bo\/index.php\/wp-json\/wp\/v2\/pages"}],"about":[{"href":"http:\/\/www.mindef.gob.bo\/index.php\/wp-json\/wp\/v2\/types\/page"}],"author":[{"embeddable":true,"href":"http:\/\/www.mindef.gob.bo\/index.php\/wp-json\/wp\/v2\/users\/1"}],"replies":[{"embeddable":true,"href":"http:\/\/www.mindef.gob.bo\/index.php\/wp-json\/wp\/v2\/comments?post=401"}],"version-history":[{"count":27,"href":"http:\/\/www.mindef.gob.bo\/index.php\/wp-json\/wp\/v2\/pages\/401\/revisions"}],"predecessor-version":[{"id":22083,"href":"http:\/\/www.mindef.gob.bo\/index.php\/wp-json\/wp\/v2\/pages\/401\/revisions\/22083"}],"wp:attachment":[{"href":"http:\/\/www.mindef.gob.bo\/index.php\/wp-json\/wp\/v2\/media?parent=401"}],"curies":[{"name":"wp","href":"https:\/\/api.w.org\/{rel}","templated":true}]}}